{"id":16,"date":"2018-08-15T10:23:48","date_gmt":"2018-08-15T10:23:48","guid":{"rendered":"http:\/\/angelikaknoepker.de\/?page_id=16"},"modified":"2018-09-01T12:39:58","modified_gmt":"2018-09-01T12:39:58","slug":"leistungen","status":"publish","type":"page","link":"https:\/\/angelikaknoepker.de\/?page_id=16","title":{"rendered":"Leistungen"},"content":{"rendered":"<p><strong>Nehmen Sie mich beim Wort:<\/strong><\/p>\n<ul>\n<li>Texte f\u00fcr Internetauftritte<\/li>\n<li>Werbetexte in Zeitungsbeilagen<\/li>\n<li>Flyer und andere Publikationen<\/li>\n<li>Aufarbeitung Ihrer Firmengeschichte<\/li>\n<li>Produktbeschreibungen verst\u00e4ndlich gemacht<\/li>\n<li>Pressearbeit f\u00fcr Unternehmen<\/li>\n<li>Presseseminare zum Thema \u201eMedienwirksame \u00d6ffentlichkeitsarbeit f\u00fcr Unternehmen und Vereine\u201c<\/li>\n<li>Entwurf von Reden f\u00fcr private und gesch\u00e4ftliche Anl\u00e4sse<\/li>\n<li>Digitale Fotografie<\/li>\n<li>Auf Wunsch grafische Gestaltung durch Kooperationspartner<\/li>\n<\/ul>\n","protected":false},"excerpt":{"rendered":"<p>Nehmen Sie mich beim Wort: Texte f\u00fcr Internetauftritte Werbetexte in Zeitungsbeilagen Flyer und andere Publikationen Aufarbeitung Ihrer Firmengeschichte Produktbeschreibungen verst\u00e4ndlich [&hellip;]<\/p>\n","protected":false},"author":1,"featured_media":0,"parent":0,"menu_order":0,"comment_status":"closed","ping_status":"closed","template":"","meta":{"jetpack_post_was_ever_published":false},"jetpack_sharing_enabled":true,"jetpack_shortlink":"https:\/\/wp.me\/Pab4cu-g","_links":{"self":[{"href":"https:\/\/angelikaknoepker.de\/index.php?rest_route=\/wp\/v2\/pages\/16"}],"collection":[{"href":"https:\/\/angelikaknoepker.de\/index.php?rest_route=\/wp\/v2\/pages"}],"about":[{"href":"https:\/\/angelikaknoepker.de\/index.php?rest_route=\/wp\/v2\/types\/page"}],"author":[{"embeddable":true,"href":"https:\/\/angelikaknoepker.de\/index.php?rest_route=\/wp\/v2\/users\/1"}],"replies":[{"embeddable":true,"href":"https:\/\/angelikaknoepker.de\/index.php?rest_route=%2Fwp%2Fv2%2Fcomments&post=16"}],"version-history":[{"count":2,"href":"https:\/\/angelikaknoepker.de\/index.php?rest_route=\/wp\/v2\/pages\/16\/revisions"}],"predecessor-version":[{"id":59,"href":"https:\/\/angelikaknoepker.de\/index.php?rest_route=\/wp\/v2\/pages\/16\/revisions\/59"}],"wp:attachment":[{"href":"https:\/\/angelikaknoepker.de\/index.php?rest_route=%2Fwp%2Fv2%2Fmedia&parent=16"}],"curies":[{"name":"wp","href":"https:\/\/api.w.org\/{rel}","templated":true}]}}