{"id":42,"date":"2018-08-15T11:06:21","date_gmt":"2018-08-15T11:06:21","guid":{"rendered":"http:\/\/angelikaknoepker.de\/?page_id=42"},"modified":"2018-09-01T12:42:29","modified_gmt":"2018-09-01T12:42:29","slug":"referenzen","status":"publish","type":"page","link":"https:\/\/angelikaknoepker.de\/?page_id=42","title":{"rendered":"Referenzen"},"content":{"rendered":"<p><strong>Brosch\u00fcren \/ Flyer<\/strong><\/p>\n<ul>\n<li>Brosch\u00fcre der Stadt Ahlen<\/li>\n<li>Sicherheit f\u00fcr Ihr Eigenheim (Flyer)<\/li>\n<li>Literaturkreis (Flyer)<\/li>\n<\/ul>\n<p><strong>Liste der ver\u00f6ffentlichten B\u00fccher<\/strong><\/p>\n<ul>\n<li>auf-gel\u00f6st \/Tagebuch nach einer Trennung<\/li>\n<\/ul>\n<p><strong>Anthologien<\/strong><\/p>\n<ul>\n<li>Pfl\u00fccke die Sterne, Sultanim<\/li>\n<li>Wie ein entwurzelter Baum<\/li>\n<li>Deutschland wird noch deutscher<\/li>\n<li>Sonnenblumen im Winterfeld<\/li>\n<li>Im Garten der Roswindis<\/li>\n<\/ul>\n<p><strong>Presseseminare f\u00fcr<\/strong><\/p>\n<ul>\n<li>Gesellschaft f\u00fcr Wirtschaftsf\u00f6rderung Kreis Warendorf<\/li>\n<li>Wirtschaftsf\u00f6rderung Ahlen<\/li>\n<li>Landfrauen Kreis Warendorf und G\u00fctersloh<\/li>\n<li>Veranstaltungskaufleute im Kreis Warendorf<\/li>\n<li>Hospizbewegung<\/li>\n<li>Texte und Fotos f\u00fcr Werbebrosch\u00fcre der Stadt Ahlen<\/li>\n<li>\u201eLeben.Sport.Kultur. Ahlen bewegt sich\u201c<\/li>\n<li>Familienbildungsst\u00e4tte Oelde<\/li>\n<\/ul>\n<p>&nbsp;<\/p>\n","protected":false},"excerpt":{"rendered":"<p>Brosch\u00fcren \/ Flyer Brosch\u00fcre der Stadt Ahlen Sicherheit f\u00fcr Ihr Eigenheim (Flyer) Literaturkreis (Flyer) Liste der ver\u00f6ffentlichten B\u00fccher auf-gel\u00f6st \/Tagebuch [&hellip;]<\/p>\n","protected":false},"author":1,"featured_media":0,"parent":0,"menu_order":0,"comment_status":"closed","ping_status":"closed","template":"","meta":{"jetpack_post_was_ever_published":false},"jetpack_sharing_enabled":true,"jetpack_shortlink":"https:\/\/wp.me\/Pab4cu-G","_links":{"self":[{"href":"https:\/\/angelikaknoepker.de\/index.php?rest_route=\/wp\/v2\/pages\/42"}],"collection":[{"href":"https:\/\/angelikaknoepker.de\/index.php?rest_route=\/wp\/v2\/pages"}],"about":[{"href":"https:\/\/angelikaknoepker.de\/index.php?rest_route=\/wp\/v2\/types\/page"}],"author":[{"embeddable":true,"href":"https:\/\/angelikaknoepker.de\/index.php?rest_route=\/wp\/v2\/users\/1"}],"replies":[{"embeddable":true,"href":"https:\/\/angelikaknoepker.de\/index.php?rest_route=%2Fwp%2Fv2%2Fcomments&post=42"}],"version-history":[{"count":2,"href":"https:\/\/angelikaknoepker.de\/index.php?rest_route=\/wp\/v2\/pages\/42\/revisions"}],"predecessor-version":[{"id":63,"href":"https:\/\/angelikaknoepker.de\/index.php?rest_route=\/wp\/v2\/pages\/42\/revisions\/63"}],"wp:attachment":[{"href":"https:\/\/angelikaknoepker.de\/index.php?rest_route=%2Fwp%2Fv2%2Fmedia&parent=42"}],"curies":[{"name":"wp","href":"https:\/\/api.w.org\/{rel}","templated":true}]}}